{"id":81,"date":"2015-03-12T16:52:13","date_gmt":"2015-03-12T15:52:13","guid":{"rendered":"http:\/\/schlott-apartments.com\/wp\/?page_id=81"},"modified":"2021-02-22T16:05:51","modified_gmt":"2021-02-22T15:05:51","slug":"impressum","status":"publish","type":"page","link":"https:\/\/schlott-apartments.com\/wp\/impressum\/","title":{"rendered":"Impressum"},"content":{"rendered":"<p>[et_pb_section fb_built=&#8220;1&#8243; fullwidth=&#8220;on&#8220; _builder_version=&#8220;3.22&#8243; module_alignment=&#8220;left&#8220; custom_padding=&#8220;0px|0px|0px|0px&#8220; fb_built=&#8220;1&#8243; _i=&#8220;0&#8243; _address=&#8220;0&#8243;][et_pb_fullwidth_header title=&#8220;Impressum &#038; Datenschutz&#8220; background_overlay_color=&#8220;rgba(12,113,195,0.87)&#8220; module_class=&#8220;newheader&#8220; _builder_version=&#8220;3.16&#8243; title_text_color=&#8220;#ffffff&#8220; content_text_color=&#8220;#d6d6d6&#8243; background_color=&#8220;rgba(255, 255, 255, 0)&#8220; background_image=&#8220;https:\/\/schlott-apartments.com\/wp\/wp-content\/uploads\/2015\/04\/Frankfurt_West_H\u00f6chst.png&#8220; background_layout=&#8220;light&#8220; module_alignment=&#8220;left&#8220; animation_style=&#8220;slide&#8220; animation_direction=&#8220;top&#8220; _i=&#8220;0&#8243; _address=&#8220;0.0&#8243; button_one_text_size__hover_enabled=&#8220;off&#8220; button_two_text_size__hover_enabled=&#8220;off&#8220; button_one_text_color__hover_enabled=&#8220;off&#8220; button_two_text_color__hover_enabled=&#8220;off&#8220; button_one_border_width__hover_enabled=&#8220;off&#8220; button_two_border_width__hover_enabled=&#8220;off&#8220; button_one_border_color__hover_enabled=&#8220;off&#8220; button_two_border_color__hover_enabled=&#8220;off&#8220; button_one_border_radius__hover_enabled=&#8220;off&#8220; button_two_border_radius__hover_enabled=&#8220;off&#8220; button_one_letter_spacing__hover_enabled=&#8220;off&#8220; button_two_letter_spacing__hover_enabled=&#8220;off&#8220; button_one_bg_color__hover_enabled=&#8220;off&#8220; button_two_bg_color__hover_enabled=&#8220;off&#8220;][\/et_pb_fullwidth_header][\/et_pb_section][et_pb_section fb_built=&#8220;1&#8243; _builder_version=&#8220;3.22&#8243; fb_built=&#8220;1&#8243; _i=&#8220;1&#8243; _address=&#8220;1&#8243;][et_pb_row _builder_version=&#8220;3.25&#8243; custom_padding=&#8220;30px|0px|0px|0px&#8220; _i=&#8220;0&#8243; _address=&#8220;1.0&#8243;][et_pb_column type=&#8220;4_4&#8243; _builder_version=&#8220;3.25&#8243; custom_padding=&#8220;|||&#8220; _i=&#8220;0&#8243; _address=&#8220;1.0.0&#8243; custom_padding__hover=&#8220;|||&#8220;][et_pb_text _builder_version=&#8220;3.29.3&#8243; hover_enabled=&#8220;0&#8243; _i=&#8220;0&#8243; _address=&#8220;1.0.0.0&#8243;]<\/p>\n<h3>Angaben gem\u00e4\u00df \u00a75 TMG:<\/h3>\n<p>&nbsp;<\/p>\n<h4>Kontakt:<\/h4>\n<p>Laura L\u00fcdicke-H\u00e4rtig &amp; Nina L\u00fcdicke<br \/> Adelonstr. 24<br \/> 65929 Frankfurt am Main<\/p>\n<p>Email: info@schlott-apartments.com<\/p>\n<p>[\/et_pb_text][\/et_pb_column][\/et_pb_row][et_pb_row column_structure=&#8220;1_3,1_3,1_3&#8243; _builder_version=&#8220;3.25&#8243; background_size=&#8220;initial&#8220; background_position=&#8220;top_left&#8220; background_repeat=&#8220;repeat&#8220; _i=&#8220;1&#8243; _address=&#8220;1.1&#8243;][et_pb_column type=&#8220;1_3&#8243; _builder_version=&#8220;3.25&#8243; custom_padding=&#8220;|||&#8220; _i=&#8220;0&#8243; _address=&#8220;1.1.0&#8243; custom_padding__hover=&#8220;|||&#8220;][et_pb_text _builder_version=&#8220;3.29.3&#8243; hover_enabled=&#8220;0&#8243; _i=&#8220;0&#8243; _address=&#8220;1.1.0.0&#8243;]<\/p>\n<h4>Quellenangaben f\u00fcr die verwendeten Bilder und Grafiken:<\/h4>\n<p><span style=\"font-size: small;\">Privat \u2022 <a href=\"https:\/\/www.nieschalk.com\">Bernd M. Nieschalk <\/a> \u2022 \u201eFrankfurt West H\u00f6chst\u201c von TUBS &#8211; CC BY-SA 2.0 \u00fcber Wikimedia Commons \u2022 \u201eH\u00f6chst Marktplatz\u201c von Pedelecs &#8211; CC BY-SA 3.0 \u00fcber Wikimedia Commons \u2022 \u201eJahrhunderthalle\u201c von A. K\u00f6hler &#8211; CC BY-SA 3.0 \u00fcber Wikimedia Commons<\/span><\/p>\n<h4>Haftungsausschluss<br \/> (Disclaimer)<\/h4>\n<h4>Haftung f\u00fcr Inhalte<\/h4>\n<p style=\"text-align: justify;\">Als Dienste\u00adanbieter sind wir gem\u00e4\u00df \u00a7 7 Abs.1 TMG f\u00fcr eigene Inhalte auf diesen Seiten nach den allge\u00admeinen Gesetzen verant\u00adwortlich. Nach \u00a7\u00a7 8 bis 10 TMG sind wir als Dienste\u00adanbieter jedoch nicht verpflichtet, \u00fcbermittelte oder gespeicherte fremde Informa\u00adtionen zu \u00fcberwachen oder nach Umst\u00e4nden zu forschen, die auf eine rechts\u00adwidrige T\u00e4tigkeit hinweisen. Verpflich\u00adtungen zur Entfer\u00adnung oder Sperrung der Nutzung von Informa\u00adtionen nach den allge\u00admeinen Gesetzen bleiben hier\u00advon unber\u00fchrt. Eine diesbe\u00adz\u00fcgliche Haftung ist jedoch erst ab dem Zeit\u00adpunkt der Kenntnis einer konkreten Rechts\u00adverletzung m\u00f6glich. Bei Bekannt\u00adwerden von entspre\u00adchenden Rechtsver\u00adletzungen werden wir diese Inhalte umgehend ent\u00adfernen.<\/p>\n<p>[\/et_pb_text][\/et_pb_column][et_pb_column type=&#8220;1_3&#8243; _builder_version=&#8220;3.25&#8243; custom_padding=&#8220;|||&#8220; _i=&#8220;1&#8243; _address=&#8220;1.1.1&#8243; custom_padding__hover=&#8220;|||&#8220;][et_pb_text _builder_version=&#8220;3.29.3&#8243; hover_enabled=&#8220;0&#8243; _i=&#8220;0&#8243; _address=&#8220;1.1.1.0&#8243;]<\/p>\n<h4>Haftung f\u00fcr Links<\/h4>\n<p style=\"text-align: justify;\">Unser Angebot enth\u00e4lt Links zu externen Web\u00adseiten Dritter, auf deren Inhalte wir keinen Ein\u00adfluss haben. Deshalb k\u00f6nnen wir f\u00fcr diese fremden Inhalte auch keine Gew\u00e4hr \u00fcber\u00adnehmen. F\u00fcr die Inhalte der verlinkten Seiten ist stets der jeweilige Anbieter oder Betreiber der Seiten verant\u00adwortlich. Die verlinkten Seiten wurden zum Zeit\u00adpunkt der Verlinkung auf m\u00f6gliche Rechts\u00adverst\u00f6\u00dfe \u00fcber\u00adpr\u00fcft. Rechts\u00adwidrige Inhalte waren zum Zeit\u00adpunkt der Ver\u00adlinkung nicht erkennbar. Eine perma\u00adnente inhalt\u00adliche Kon\u00adtrolle der verlinkten Seiten ist jedoch ohne konkrete Anhalts\u00adpunkte einer Rechts\u00adverletzung nicht zumutbar. Bei Bekannt\u00adwerden von Rechtsver\u00adletzungen werden wir derartige Links umgehend entfernen.<\/p>\n<p>[\/et_pb_text][\/et_pb_column][et_pb_column type=&#8220;1_3&#8243; _builder_version=&#8220;3.25&#8243; custom_padding=&#8220;|||&#8220; _i=&#8220;2&#8243; _address=&#8220;1.1.2&#8243; custom_padding__hover=&#8220;|||&#8220;][et_pb_text _builder_version=&#8220;3.29.3&#8243; hover_enabled=&#8220;0&#8243; _i=&#8220;0&#8243; _address=&#8220;1.1.2.0&#8243;]<\/p>\n<h4>Urheberrecht<\/h4>\n<p style=\"text-align: justify;\">Die durch die Seiten\u00adbetreiber erstellten Inhalte und Werke auf diesen Seiten unter\u00adliegen dem deut\u00adschen Urheber\u00adrecht. Die Verviel\u00adf\u00e4ltigung, Bearbeitung, Verbreitung und jede Art der Verwer\u00adtung au\u00dferhalb der Grenzen des Urheber\u00adrechtes bed\u00fcrfen der schrift\u00adlichen Zustimmung des jewei\u00adligen Autors bzw. Erstellers. Down\u00adloads und Kopien dieser Seite sind nur f\u00fcr den privaten, nicht kom\u00admerz\u00adiellen Gebrauch gestattet. Soweit die Inhalte auf dieser Seite nicht vom Betreiber erstellt wurden, werden die Urheber\u00adrechte Dritter beachtet. Insbe\u00adsondere werden Inhalte Dritter als solche gekenn\u00adzeichnet. Sollten Sie trotzdem auf eine Urheber\u00adrechts\u00adverletzung aufmerksam werden, bitten wir um einen entsprechenden Hinweis. Bei Bekannt\u00adwerden von Rechtsver\u00adletzungen werden wir derartige Inhalte umgehend ent\u00adfernen.<\/p>\n<p>[\/et_pb_text][\/et_pb_column][\/et_pb_row][\/et_pb_section]<\/p>\n","protected":false},"excerpt":{"rendered":"<p>[et_pb_section fb_built=&#8220;1&#8243; fullwidth=&#8220;on&#8220; _builder_version=&#8220;3.22&#8243; module_alignment=&#8220;left&#8220; custom_padding=&#8220;0px|0px|0px|0px&#8220; fb_built=&#8220;1&#8243; _i=&#8220;0&#8243; _address=&#8220;0&#8243;][et_pb_fullwidth_header title=&#8220;Impressum &#038; Datenschutz&#8220; background_overlay_color=&#8220;rgba(12,113,195,0.87)&#8220; module_class=&#8220;newheader&#8220; _builder_version=&#8220;3.16&#8243; title_text_color=&#8220;#ffffff&#8220; content_text_color=&#8220;#d6d6d6&#8243; background_color=&#8220;rgba(255, 255, 255, 0)&#8220; background_image=&#8220;https:\/\/schlott-apartments.com\/wp\/wp-content\/uploads\/2015\/04\/Frankfurt_West_H\u00f6chst.png&#8220; background_layout=&#8220;light&#8220; module_alignment=&#8220;left&#8220; animation_style=&#8220;slide&#8220; animation_direction=&#8220;top&#8220; _i=&#8220;0&#8243; _address=&#8220;0.0&#8243; button_one_text_size__hover_enabled=&#8220;off&#8220; button_two_text_size__hover_enabled=&#8220;off&#8220; button_one_text_color__hover_enabled=&#8220;off&#8220; button_two_text_color__hover_enabled=&#8220;off&#8220; button_one_border_width__hover_enabled=&#8220;off&#8220; button_two_border_width__hover_enabled=&#8220;off&#8220; button_one_border_color__hover_enabled=&#8220;off&#8220; button_two_border_color__hover_enabled=&#8220;off&#8220; button_one_border_radius__hover_enabled=&#8220;off&#8220; button_two_border_radius__hover_enabled=&#8220;off&#8220; button_one_letter_spacing__hover_enabled=&#8220;off&#8220; button_two_letter_spacing__hover_enabled=&#8220;off&#8220; button_one_bg_color__hover_enabled=&#8220;off&#8220; button_two_bg_color__hover_enabled=&#8220;off&#8220;][\/et_pb_fullwidth_header][\/et_pb_section][et_pb_section fb_built=&#8220;1&#8243; _builder_version=&#8220;3.22&#8243; fb_built=&#8220;1&#8243; _i=&#8220;1&#8243; _address=&#8220;1&#8243;][et_pb_row _builder_version=&#8220;3.25&#8243; custom_padding=&#8220;30px|0px|0px|0px&#8220; _i=&#8220;0&#8243; _address=&#8220;1.0&#8243;][et_pb_column type=&#8220;4_4&#8243; _builder_version=&#8220;3.25&#8243; custom_padding=&#8220;|||&#8220; _i=&#8220;0&#8243; [&hellip;]<\/p>\n","protected":false},"author":1,"featured_media":0,"parent":0,"menu_order":0,"comment_status":"closed","ping_status":"closed","template":"","meta":{"_et_pb_use_builder":"on","_et_pb_old_content":"","inline_featured_image":false},"_links":{"self":[{"href":"https:\/\/schlott-apartments.com\/wp\/wp-json\/wp\/v2\/pages\/81"}],"collection":[{"href":"https:\/\/schlott-apartments.com\/wp\/wp-json\/wp\/v2\/pages"}],"about":[{"href":"https:\/\/schlott-apartments.com\/wp\/wp-json\/wp\/v2\/types\/page"}],"author":[{"embeddable":true,"href":"https:\/\/schlott-apartments.com\/wp\/wp-json\/wp\/v2\/users\/1"}],"replies":[{"embeddable":true,"href":"https:\/\/schlott-apartments.com\/wp\/wp-json\/wp\/v2\/comments?post=81"}],"version-history":[{"count":8,"href":"https:\/\/schlott-apartments.com\/wp\/wp-json\/wp\/v2\/pages\/81\/revisions"}],"predecessor-version":[{"id":2008,"href":"https:\/\/schlott-apartments.com\/wp\/wp-json\/wp\/v2\/pages\/81\/revisions\/2008"}],"wp:attachment":[{"href":"https:\/\/schlott-apartments.com\/wp\/wp-json\/wp\/v2\/media?parent=81"}],"curies":[{"name":"wp","href":"https:\/\/api.w.org\/{rel}","templated":true}]}}